{"id":153,"date":"2024-10-19T12:56:09","date_gmt":"2024-10-19T12:56:09","guid":{"rendered":"https:\/\/stacjarewitalizacja.pl\/?page_id=153"},"modified":"2024-10-27T14:23:06","modified_gmt":"2024-10-27T14:23:06","slug":"magnesy","status":"publish","type":"page","link":"https:\/\/stacjarewitalizacja.pl\/?page_id=153","title":{"rendered":"MAGNESY"},"content":{"rendered":"\t\t<div data-elementor-type=\"wp-page\" data-elementor-id=\"153\" class=\"elementor elementor-153\">\n\t\t\t\t<div class=\"elementor-element elementor-element-0102919 e-flex e-con-boxed e-con e-parent\" data-id=\"0102919\" data-element_type=\"container\">\n\t\t\t\t\t<div class=\"e-con-inner\">\n\t\t\t\t<div class=\"elementor-element elementor-element-77ebd8c elementor-widget elementor-widget-heading\" data-id=\"77ebd8c\" data-element_type=\"widget\" data-widget_type=\"heading.default\">\n\t\t\t\t<div class=\"elementor-widget-container\">\n\t\t\t<h2 class=\"elementor-heading-title elementor-size-default\">U nas zakupisz wyj\u0105tkowe magnesy pami\u0105tkowe z \u0141odzi!<br><br>Oferujemy szkice przeniesione na p\u0142askie magnesy przedstawiaj\u0105ce kamienice przy ulicy W\u0142\u00f3kienniczej 6 (kariatydy), W\u0142\u00f3kienniczej 11 (kamienica Hilarego Majewskiego) oraz Roosevelta 17 (Dom Literatury).<br>Magnesy w cenie 12 z\u0142.<\/h2>\t\t<\/div>\n\t\t\t\t<\/div>\n\t\t\t\t\t<\/div>\n\t\t\t\t<\/div>\n\t\t<div class=\"elementor-element elementor-element-cd101b1 e-grid e-con-boxed e-con e-parent\" data-id=\"cd101b1\" data-element_type=\"container\">\n\t\t\t\t\t<div class=\"e-con-inner\">\n\t\t\t\t<div class=\"elementor-element elementor-element-bb9a55d elementor-widget elementor-widget-image\" data-id=\"bb9a55d\" data-element_type=\"widget\" data-widget_type=\"image.default\">\n\t\t\t\t<div class=\"elementor-widget-container\">\n\t\t\t\t\t\t\t\t\t\t\t\t\t<img fetchpriority=\"high\" decoding=\"async\" width=\"225\" height=\"300\" src=\"https:\/\/stacjarewitalizacja.pl\/wp-content\/uploads\/2024\/10\/IMG20241019153007-225x300.jpg\" class=\"attachment-medium size-medium wp-image-160\" alt=\"\" srcset=\"https:\/\/stacjarewitalizacja.pl\/wp-content\/uploads\/2024\/10\/IMG20241019153007-225x300.jpg 225w, https:\/\/stacjarewitalizacja.pl\/wp-content\/uploads\/2024\/10\/IMG20241019153007-768x1024.jpg 768w, https:\/\/stacjarewitalizacja.pl\/wp-content\/uploads\/2024\/10\/IMG20241019153007-1152x1536.jpg 1152w, https:\/\/stacjarewitalizacja.pl\/wp-content\/uploads\/2024\/10\/IMG20241019153007.jpg 1417w\" sizes=\"(max-width: 225px) 100vw, 225px\" \/>\t\t\t\t\t\t\t\t\t\t\t\t\t<\/div>\n\t\t\t\t<\/div>\n\t\t\t\t<div class=\"elementor-element elementor-element-4524ee7 elementor-widget elementor-widget-image\" data-id=\"4524ee7\" data-element_type=\"widget\" data-widget_type=\"image.default\">\n\t\t\t\t<div class=\"elementor-widget-container\">\n\t\t\t\t\t\t\t\t\t\t\t\t\t<img decoding=\"async\" width=\"225\" height=\"300\" src=\"https:\/\/stacjarewitalizacja.pl\/wp-content\/uploads\/2024\/10\/magnesy-4-225x300.jpg\" class=\"attachment-medium size-medium wp-image-164\" alt=\"\" srcset=\"https:\/\/stacjarewitalizacja.pl\/wp-content\/uploads\/2024\/10\/magnesy-4-225x300.jpg 225w, https:\/\/stacjarewitalizacja.pl\/wp-content\/uploads\/2024\/10\/magnesy-4-768x1024.jpg 768w, https:\/\/stacjarewitalizacja.pl\/wp-content\/uploads\/2024\/10\/magnesy-4-1152x1536.jpg 1152w, https:\/\/stacjarewitalizacja.pl\/wp-content\/uploads\/2024\/10\/magnesy-4-1536x2048.jpg 1536w, https:\/\/stacjarewitalizacja.pl\/wp-content\/uploads\/2024\/10\/magnesy-4-scaled.jpg 1920w\" sizes=\"(max-width: 225px) 100vw, 225px\" \/>\t\t\t\t\t\t\t\t\t\t\t\t\t<\/div>\n\t\t\t\t<\/div>\n\t\t\t\t<div class=\"elementor-element elementor-element-52811b0 elementor-widget elementor-widget-image\" data-id=\"52811b0\" data-element_type=\"widget\" data-widget_type=\"image.default\">\n\t\t\t\t<div class=\"elementor-widget-container\">\n\t\t\t\t\t\t\t\t\t\t\t\t\t<img decoding=\"async\" width=\"225\" height=\"300\" src=\"https:\/\/stacjarewitalizacja.pl\/wp-content\/uploads\/2024\/10\/IMG20241019153014-225x300.jpg\" class=\"attachment-medium size-medium wp-image-168\" alt=\"\" srcset=\"https:\/\/stacjarewitalizacja.pl\/wp-content\/uploads\/2024\/10\/IMG20241019153014-225x300.jpg 225w, https:\/\/stacjarewitalizacja.pl\/wp-content\/uploads\/2024\/10\/IMG20241019153014-768x1024.jpg 768w, https:\/\/stacjarewitalizacja.pl\/wp-content\/uploads\/2024\/10\/IMG20241019153014-1152x1536.jpg 1152w, https:\/\/stacjarewitalizacja.pl\/wp-content\/uploads\/2024\/10\/IMG20241019153014-1536x2048.jpg 1536w, https:\/\/stacjarewitalizacja.pl\/wp-content\/uploads\/2024\/10\/IMG20241019153014.jpg 1701w\" sizes=\"(max-width: 225px) 100vw, 225px\" \/>\t\t\t\t\t\t\t\t\t\t\t\t\t<\/div>\n\t\t\t\t<\/div>\n\t\t\t\t\t<\/div>\n\t\t\t\t<\/div>\n\t\t<div class=\"elementor-element elementor-element-3b21c51 e-flex e-con-boxed e-con e-parent\" data-id=\"3b21c51\" data-element_type=\"container\">\n\t\t\t\t\t<div class=\"e-con-inner\">\n\t\t\t\t<div class=\"elementor-element elementor-element-3bfff23 elementor-widget elementor-widget-heading\" data-id=\"3bfff23\" data-element_type=\"widget\" data-widget_type=\"heading.default\">\n\t\t\t\t<div class=\"elementor-widget-container\">\n\t\t\t<h2 class=\"elementor-heading-title elementor-size-default\">Oferujemy r\u00f3wnie\u017c NAJWA\u017bNIEJSZY MAGNES Z \u0141ODZI - odlew z gipsu ceramicznego elewacji kamienicy Hilarego Majewskiego przy W\u0142\u00f3kienniczej 11.<br>Hilary Majewski jako pierwszy Architekt Miasta \u0141odzi w XIX wieku zaprojektowa\u0142\/nadzorowa\u0142 powstanie setek \u0142\u00f3dzkich kamienic a tak\u017ce zaprojektowa\u0142 \"\u0142\u00f3dzki Luwr\" czyli Pa\u0142ac Pozna\u0144skiego oraz Pa\u0142ac Herbsta.<br>Magnes w cenie 30 z\u0142 mo\u017ce by\u0107 bia\u0142y lub pomalowany oryginaln\u0105 farb\u0105 elewacyjn\u0105 to\u017csam\u0105 z t\u0105, kt\u00f3r\u0105 pomalowana jest oryginalna elewacja kamienicy.<br>Dodatkow\u0105 atrakcj\u0119 stanowi mo\u017cliwo\u015b\u0107 bezp\u0142atnego zwiedzania kamienicy Hilarego Majewskiego przy W\u0142\u00f3kienniczej 11.<\/h2>\t\t<\/div>\n\t\t\t\t<\/div>\n\t\t\t\t\t<\/div>\n\t\t\t\t<\/div>\n\t\t<div class=\"elementor-element elementor-element-2461a6d e-grid e-con-boxed e-con e-parent\" data-id=\"2461a6d\" data-element_type=\"container\">\n\t\t\t\t\t<div class=\"e-con-inner\">\n\t\t\t\t<div class=\"elementor-element elementor-element-ee0b24c elementor-widget elementor-widget-image\" data-id=\"ee0b24c\" data-element_type=\"widget\" data-widget_type=\"image.default\">\n\t\t\t\t<div class=\"elementor-widget-container\">\n\t\t\t\t\t\t\t\t\t\t\t\t\t<img loading=\"lazy\" decoding=\"async\" width=\"768\" height=\"1024\" src=\"https:\/\/stacjarewitalizacja.pl\/wp-content\/uploads\/2024\/10\/IMG20241019165619-768x1024.jpg\" class=\"attachment-large size-large wp-image-183\" alt=\"\" srcset=\"https:\/\/stacjarewitalizacja.pl\/wp-content\/uploads\/2024\/10\/IMG20241019165619-768x1024.jpg 768w, https:\/\/stacjarewitalizacja.pl\/wp-content\/uploads\/2024\/10\/IMG20241019165619-225x300.jpg 225w, https:\/\/stacjarewitalizacja.pl\/wp-content\/uploads\/2024\/10\/IMG20241019165619-1152x1536.jpg 1152w, https:\/\/stacjarewitalizacja.pl\/wp-content\/uploads\/2024\/10\/IMG20241019165619-1536x2048.jpg 1536w, https:\/\/stacjarewitalizacja.pl\/wp-content\/uploads\/2024\/10\/IMG20241019165619-scaled.jpg 1920w\" sizes=\"(max-width: 768px) 100vw, 768px\" \/>\t\t\t\t\t\t\t\t\t\t\t\t\t<\/div>\n\t\t\t\t<\/div>\n\t\t\t\t<div class=\"elementor-element elementor-element-9064b73 elementor-widget elementor-widget-image\" data-id=\"9064b73\" data-element_type=\"widget\" data-widget_type=\"image.default\">\n\t\t\t\t<div class=\"elementor-widget-container\">\n\t\t\t\t\t\t\t\t\t\t\t\t\t<img loading=\"lazy\" decoding=\"async\" width=\"225\" height=\"300\" src=\"https:\/\/stacjarewitalizacja.pl\/wp-content\/uploads\/2024\/10\/IMG20241008121653-225x300.jpg\" class=\"attachment-medium size-medium wp-image-184\" alt=\"\" srcset=\"https:\/\/stacjarewitalizacja.pl\/wp-content\/uploads\/2024\/10\/IMG20241008121653-225x300.jpg 225w, https:\/\/stacjarewitalizacja.pl\/wp-content\/uploads\/2024\/10\/IMG20241008121653-768x1024.jpg 768w, https:\/\/stacjarewitalizacja.pl\/wp-content\/uploads\/2024\/10\/IMG20241008121653-1152x1536.jpg 1152w, https:\/\/stacjarewitalizacja.pl\/wp-content\/uploads\/2024\/10\/IMG20241008121653-1536x2048.jpg 1536w, https:\/\/stacjarewitalizacja.pl\/wp-content\/uploads\/2024\/10\/IMG20241008121653-scaled.jpg 1920w\" sizes=\"(max-width: 225px) 100vw, 225px\" \/>\t\t\t\t\t\t\t\t\t\t\t\t\t<\/div>\n\t\t\t\t<\/div>\n\t\t\t\t<div class=\"elementor-element elementor-element-83e3f8f elementor-widget elementor-widget-image\" data-id=\"83e3f8f\" data-element_type=\"widget\" data-widget_type=\"image.default\">\n\t\t\t\t<div class=\"elementor-widget-container\">\n\t\t\t\t\t\t\t\t\t\t\t\t\t<img loading=\"lazy\" decoding=\"async\" width=\"225\" height=\"300\" src=\"https:\/\/stacjarewitalizacja.pl\/wp-content\/uploads\/2024\/10\/IMG20241019165636-225x300.jpg\" class=\"attachment-medium size-medium wp-image-188\" alt=\"\" srcset=\"https:\/\/stacjarewitalizacja.pl\/wp-content\/uploads\/2024\/10\/IMG20241019165636-225x300.jpg 225w, https:\/\/stacjarewitalizacja.pl\/wp-content\/uploads\/2024\/10\/IMG20241019165636-768x1024.jpg 768w, https:\/\/stacjarewitalizacja.pl\/wp-content\/uploads\/2024\/10\/IMG20241019165636-1152x1536.jpg 1152w, https:\/\/stacjarewitalizacja.pl\/wp-content\/uploads\/2024\/10\/IMG20241019165636-1536x2048.jpg 1536w, https:\/\/stacjarewitalizacja.pl\/wp-content\/uploads\/2024\/10\/IMG20241019165636-scaled.jpg 1920w\" sizes=\"(max-width: 225px) 100vw, 225px\" \/>\t\t\t\t\t\t\t\t\t\t\t\t\t<\/div>\n\t\t\t\t<\/div>\n\t\t\t\t\t<\/div>\n\t\t\t\t<\/div>\n\t\t\t\t<\/div>\n\t\t","protected":false},"excerpt":{"rendered":"<p>U nas zakupisz wyj\u0105tkowe magnesy pami\u0105tkowe z \u0141odzi! Oferujemy szkice przeniesione na p\u0142askie magnesy przedstawiaj\u0105ce kamienice przy ulicy W\u0142\u00f3kienniczej 6 (kariatydy), W\u0142\u00f3kienniczej 11 (kamienica Hilarego Majewskiego) oraz Roosevelta 17 (Dom Literatury).Magnesy w cenie 12 z\u0142. Oferujemy r\u00f3wnie\u017c NAJWA\u017bNIEJSZY MAGNES Z \u0141ODZI &#8211; odlew z gipsu ceramicznego elewacji kamienicy Hilarego Majewskiego przy W\u0142\u00f3kienniczej 11.Hilary Majewski jako&#8230;<\/p>\n","protected":false},"author":1,"featured_media":0,"parent":0,"menu_order":0,"comment_status":"closed","ping_status":"closed","template":"","meta":{"_kadence_starter_templates_imported_post":false,"_kad_post_transparent":"","_kad_post_title":"hide","_kad_post_layout":"fullwidth","_kad_post_sidebar_id":"","_kad_post_content_style":"unboxed","_kad_post_vertical_padding":"hide","_kad_post_feature":"hide","_kad_post_feature_position":"","_kad_post_header":false,"_kad_post_footer":false,"footnotes":""},"class_list":["post-153","page","type-page","status-publish","hentry"],"_links":{"self":[{"href":"https:\/\/stacjarewitalizacja.pl\/index.php?rest_route=\/wp\/v2\/pages\/153","targetHints":{"allow":["GET"]}}],"collection":[{"href":"https:\/\/stacjarewitalizacja.pl\/index.php?rest_route=\/wp\/v2\/pages"}],"about":[{"href":"https:\/\/stacjarewitalizacja.pl\/index.php?rest_route=\/wp\/v2\/types\/page"}],"author":[{"embeddable":true,"href":"https:\/\/stacjarewitalizacja.pl\/index.php?rest_route=\/wp\/v2\/users\/1"}],"replies":[{"embeddable":true,"href":"https:\/\/stacjarewitalizacja.pl\/index.php?rest_route=%2Fwp%2Fv2%2Fcomments&post=153"}],"version-history":[{"count":31,"href":"https:\/\/stacjarewitalizacja.pl\/index.php?rest_route=\/wp\/v2\/pages\/153\/revisions"}],"predecessor-version":[{"id":376,"href":"https:\/\/stacjarewitalizacja.pl\/index.php?rest_route=\/wp\/v2\/pages\/153\/revisions\/376"}],"wp:attachment":[{"href":"https:\/\/stacjarewitalizacja.pl\/index.php?rest_route=%2Fwp%2Fv2%2Fmedia&parent=153"}],"curies":[{"name":"wp","href":"https:\/\/api.w.org\/{rel}","templated":true}]}}