{"id":2,"date":"2016-05-10T03:48:21","date_gmt":"2016-05-10T03:48:21","guid":{"rendered":"https:\/\/stacjarewitalizacja.pl\/?page_id=2"},"modified":"2025-03-09T12:28:48","modified_gmt":"2025-03-09T12:28:48","slug":"sample-page","status":"publish","type":"page","link":"https:\/\/stacjarewitalizacja.pl\/?page_id=2","title":{"rendered":"W\u0142a\u015bciciel"},"content":{"rendered":"\t\t<div data-elementor-type=\"wp-page\" data-elementor-id=\"2\" class=\"elementor elementor-2\">\n\t\t\t\t<div class=\"elementor-element elementor-element-7c46ceb6 e-flex e-con-boxed e-con e-parent\" data-id=\"7c46ceb6\" data-element_type=\"container\">\n\t\t\t\t\t<div class=\"e-con-inner\">\n\t\t\t\t<div class=\"elementor-element elementor-element-61d03567 elementor-widget elementor-widget-text-editor\" data-id=\"61d03567\" data-element_type=\"widget\" data-widget_type=\"text-editor.default\">\n\t\t\t\t<div class=\"elementor-widget-container\">\n\t\t\t\t\t\t\t<p><!-- wp:paragraph --><\/p>\n<p>Pomys\u0142odawc\u0105 i w\u0142a\u015bcicielem marki STACJA REWITALIZACJA jest Marcin Obijalski &#8211; pierwszy dyrektor i tw\u00f3rca Biura ds. Rewitalizacji w Urz\u0119dzie Miasta \u0141odzi w latach 2013 &#8211; 2018.<\/p>\n<p><span style=\"color: var( --e-global-color-text ); font-family: var( --e-global-typography-text-font-family ), Sans-serif; text-align: var(--text-align);\">Autor koncepcji procesu rewitalizacji obszarowej \u0141odzi oraz aktywny uczestnik tworzenia systemu prawnego dla procesu rewitalizacji, w tym <\/span><em style=\"color: var( --e-global-color-text ); font-family: var( --e-global-typography-text-font-family ), Sans-serif; text-align: var(--text-align);\">ustawy o rewitalizacji<\/em><span style=\"color: var( --e-global-color-text ); font-family: var( --e-global-typography-text-font-family ), Sans-serif; text-align: var(--text-align);\">.<\/span><\/p>\n<p><!-- \/wp:paragraph --><\/p>\t\t\t\t\t\t<\/div>\n\t\t\t\t<\/div>\n\t\t\t\t\t<\/div>\n\t\t\t\t<\/div>\n\t\t<div class=\"elementor-element elementor-element-19c6324 e-flex e-con-boxed e-con e-parent\" data-id=\"19c6324\" data-element_type=\"container\">\n\t\t\t\t\t<div class=\"e-con-inner\">\n\t\t<div class=\"elementor-element elementor-element-129bd06 e-con-full e-flex e-con e-child\" data-id=\"129bd06\" data-element_type=\"container\">\n\t\t\t\t<div class=\"elementor-element elementor-element-efaefc1 elementor-widget elementor-widget-image\" data-id=\"efaefc1\" data-element_type=\"widget\" data-widget_type=\"image.default\">\n\t\t\t\t<div class=\"elementor-widget-container\">\n\t\t\t\t\t\t\t\t\t\t\t\t\t<img fetchpriority=\"high\" decoding=\"async\" width=\"1024\" height=\"768\" src=\"https:\/\/stacjarewitalizacja.pl\/wp-content\/uploads\/2025\/03\/foto-Dziennik-1024x768.jpg\" class=\"attachment-large size-large wp-image-530\" alt=\"\" srcset=\"https:\/\/stacjarewitalizacja.pl\/wp-content\/uploads\/2025\/03\/foto-Dziennik-1024x768.jpg 1024w, https:\/\/stacjarewitalizacja.pl\/wp-content\/uploads\/2025\/03\/foto-Dziennik-300x225.jpg 300w, https:\/\/stacjarewitalizacja.pl\/wp-content\/uploads\/2025\/03\/foto-Dziennik-768x576.jpg 768w, https:\/\/stacjarewitalizacja.pl\/wp-content\/uploads\/2025\/03\/foto-Dziennik.jpg 1280w\" sizes=\"(max-width: 1024px) 100vw, 1024px\" \/>\t\t\t\t\t\t\t\t\t\t\t\t\t<\/div>\n\t\t\t\t<\/div>\n\t\t\t\t<\/div>\n\t\t<div class=\"elementor-element elementor-element-ef27eae e-con-full e-flex e-con e-child\" data-id=\"ef27eae\" data-element_type=\"container\">\n\t\t\t\t<div class=\"elementor-element elementor-element-89ea4f6 elementor-widget elementor-widget-text-editor\" data-id=\"89ea4f6\" data-element_type=\"widget\" data-widget_type=\"text-editor.default\">\n\t\t\t\t<div class=\"elementor-widget-container\">\n\t\t\t\t\t\t\t<p>Od 2002 roku zwi\u0105zany z dzia\u0142alno\u015bci\u0105 organizacji pozarz\u0105dowych oraz sektorem samorz\u0105dowym. W 2023 roku stworzy\u0142 mark\u0119 &#8222;Stacja Rewitalizacja&#8221; i pod t\u0105 nazw\u0105 jako przedsi\u0119biorca otworzy\u0142 galeri\u0119 po\u0142\u0105czon\u0105 z kawiarni\u0105 w klimacie zwi\u0105zanym z \u0141odzi\u0105 i jej wyj\u0105tkow\u0105 architektur\u0105.<\/p>\n<p>Dotychczasowe \u017cycie zawodowe by\u0142o mocno powi\u0105zane z funduszami europejskimi &#8211; jako autor projekt\u00f3w, Project Manager a tak\u017ce od 2008 roku jako ekspert oceniaj\u0105cy projekty unijne na zlecenie agend rz\u0105dowych.<\/p>\n<p>Przygoda z rewitalizacj\u0105 \u0141odzi rozpocz\u0119\u0142a si\u0119 w 2012 roku kiedy zosta\u0142 pe\u0142ni\u0105cym obowi\u0105zki zast\u0119pcy dyrektora Wydzia\u0142u Budynk\u00f3w i Lokali Urz\u0119du Miasta \u0141odzi. By\u0142 to moment zwrotny w karierze, kt\u00f3ry na p\u00f3\u017aniejszych etapach pozwoli\u0142 na przygotowanie &#8211; wed\u0142ug w\u0142asnej autorskiej koncepcji polegaj\u0105cej na obszarowym podej\u015bciu do kompleksowego procesu rewitalizacji miasta &#8211; najwi\u0119kszego w Europie procesu Rewitalizacji Obszarowej Centrum \u0141odzi (ju\u017c jako Dyrektor utworzonego wed\u0142ug w\u0142asnej koncepcji Biura ds. Rewitalizacji w Urz\u0119dzie Miasta \u0141odzi.)<\/p>\n<p><br><\/p>\n<p><\/p>\t\t\t\t\t\t<\/div>\n\t\t\t\t<\/div>\n\t\t\t\t<\/div>\n\t\t\t\t\t<\/div>\n\t\t\t\t<\/div>\n\t\t<div class=\"elementor-element elementor-element-c77c067 e-flex e-con-boxed e-con e-parent\" data-id=\"c77c067\" data-element_type=\"container\">\n\t\t\t\t\t<div class=\"e-con-inner\">\n\t\t\t\t<div class=\"elementor-element elementor-element-4e8eaae elementor-widget elementor-widget-image\" data-id=\"4e8eaae\" data-element_type=\"widget\" data-widget_type=\"image.default\">\n\t\t\t\t<div class=\"elementor-widget-container\">\n\t\t\t\t\t\t\t\t\t\t\t\t\t<img decoding=\"async\" width=\"1024\" height=\"724\" src=\"https:\/\/stacjarewitalizacja.pl\/wp-content\/uploads\/2024\/10\/Mapa_20_projektow_Rewitalizacji_Obszarowej_Centrum_Lodzi-1024x724.jpg\" class=\"attachment-large size-large wp-image-204\" alt=\"\" srcset=\"https:\/\/stacjarewitalizacja.pl\/wp-content\/uploads\/2024\/10\/Mapa_20_projektow_Rewitalizacji_Obszarowej_Centrum_Lodzi-1024x724.jpg 1024w, https:\/\/stacjarewitalizacja.pl\/wp-content\/uploads\/2024\/10\/Mapa_20_projektow_Rewitalizacji_Obszarowej_Centrum_Lodzi-300x212.jpg 300w, https:\/\/stacjarewitalizacja.pl\/wp-content\/uploads\/2024\/10\/Mapa_20_projektow_Rewitalizacji_Obszarowej_Centrum_Lodzi-768x543.jpg 768w, https:\/\/stacjarewitalizacja.pl\/wp-content\/uploads\/2024\/10\/Mapa_20_projektow_Rewitalizacji_Obszarowej_Centrum_Lodzi-1536x1086.jpg 1536w, https:\/\/stacjarewitalizacja.pl\/wp-content\/uploads\/2024\/10\/Mapa_20_projektow_Rewitalizacji_Obszarowej_Centrum_Lodzi.jpg 1984w\" sizes=\"(max-width: 1024px) 100vw, 1024px\" \/>\t\t\t\t\t\t\t\t\t\t\t\t\t<\/div>\n\t\t\t\t<\/div>\n\t\t\t\t\t<\/div>\n\t\t\t\t<\/div>\n\t\t<div class=\"elementor-element elementor-element-c781473 e-flex e-con-boxed e-con e-parent\" data-id=\"c781473\" data-element_type=\"container\">\n\t\t\t\t\t<div class=\"e-con-inner\">\n\t\t\t\t<div class=\"elementor-element elementor-element-eac739c elementor-widget elementor-widget-text-editor\" data-id=\"eac739c\" data-element_type=\"widget\" data-widget_type=\"text-editor.default\">\n\t\t\t\t<div class=\"elementor-widget-container\">\n\t\t\t\t\t\t\t<p>\u015acis\u0142e centrum \u0141odzi podzieli\u0142 na 20 projekt\u00f3w widocznych na powy\u017cszej mapie. Ka\u017cdy projekt stanowi\u0142 odr\u0119bn\u0105 ca\u0142o\u015b\u0107, natomiast wszystkie uzupe\u0142nia\u0142y si\u0119 nawzajem tworz\u0105c swego rodzaju puzzle, kt\u00f3rych u\u0142o\u017cenie wed\u0142ug zak\u0142adanej metodologii mia\u0142o pozwoli\u0107 na wyprowadzenie tych obszar\u00f3w miasta z kryzysu spo\u0142ecznego, przestrzennego i \u015brodowiskowego.<\/p>\n<p>W ramach ka\u017cdego projektu zaplanowane zosta\u0142y liczne dzia\u0142ania zwi\u0105zane z popraw\u0105 stanu technicznego kamienic, podniesienia jako\u015bci przestrzeni publicznych (park\u00f3w, skwer\u00f3w, plac\u00f3w, ulic), wprowadzenie setek drzew, tysi\u0119cy krzew\u00f3w, licznych fontann posadzkowych oraz co istotne ciekawego o\u015bwietlenia pozwalaj\u0105cego na podziwianie tych przestrzeni \u0141odzi r\u00f3wnie\u017c po zmroku.<\/p>\n<p>Na wczesnym etapie planowania projekt\u00f3w podpisane zosta\u0142y listy intencyjne ze wszystkim gestorami sieci &#8211; elektrycznej, ciep\u0142owniczej, gazowej oraz wodno-kanalizacyjnej. Dzia\u0142anie to umo\u017cliwi\u0142o zaplanowanie wymaganych dzia\u0142a\u0144 modernizacyjnych oraz rozwojowych przez poszczeg\u00f3lnych gestor\u00f3w i ich realizacj\u0119 wraz z pracami wykonywanymi przez Miasto \u0141\u00f3d\u017a.<\/p>\n<p>Dzi\u0119ki takiemu podej\u015bciu umo\u017cliwiono pod\u0142\u0105czenie do sieci centralnego ogrzewania dziesi\u0105tek kamienic w centrum miasta i likwidacj\u0119 setek piec\u00f3w w\u0119glowych &#8211; jako\u015b\u0107 powietrza uleg\u0142a znacz\u0105cej poprawie co pozytywnie wp\u0142ynie na stan zdrowia mieszka\u0144c\u00f3w \u0141odzi.<\/p>\n<p>Warto\u015b\u0107 pierwszych o\u015bmiu zrealizowanych projekt\u00f3w wynios\u0142a ponad 1 miliard z\u0142oty przy ponad 500 mln dofinansowania z funduszy europejskich.<\/p>\n<p>\u00a0<\/p>\t\t\t\t\t\t<\/div>\n\t\t\t\t<\/div>\n\t\t\t\t\t<\/div>\n\t\t\t\t<\/div>\n\t\t<div class=\"elementor-element elementor-element-9f1b397 e-flex e-con-boxed e-con e-parent\" data-id=\"9f1b397\" data-element_type=\"container\">\n\t\t\t\t\t<div class=\"e-con-inner\">\n\t\t\t\t<div class=\"elementor-element elementor-element-8d88760 elementor-widget elementor-widget-heading\" data-id=\"8d88760\" data-element_type=\"widget\" data-widget_type=\"heading.default\">\n\t\t\t\t<div class=\"elementor-widget-container\">\n\t\t\t<h2 class=\"elementor-heading-title elementor-size-default\">Materia\u0142y medialne z etapu przygotowa\u0144 procesu rewitalizacji \u0141odzi<\/h2>\t\t<\/div>\n\t\t\t\t<\/div>\n\t\t\t\t\t<\/div>\n\t\t\t\t<\/div>\n\t\t<div class=\"elementor-element elementor-element-fe174e0 e-flex e-con-boxed e-con e-parent\" data-id=\"fe174e0\" data-element_type=\"container\">\n\t\t\t\t\t<div class=\"e-con-inner\">\n\t\t<div class=\"elementor-element elementor-element-25be48e e-grid e-con-full e-con e-child\" data-id=\"25be48e\" data-element_type=\"container\">\n\t\t\t\t<div class=\"elementor-element elementor-element-279a30e elementor-widget elementor-widget-video\" data-id=\"279a30e\" data-element_type=\"widget\" data-settings=\"{&quot;youtube_url&quot;:&quot;https:\\\/\\\/youtu.be\\\/LEASihMJl7Q?si=dhXvi44P3u19ivgA&quot;,&quot;video_type&quot;:&quot;youtube&quot;,&quot;controls&quot;:&quot;yes&quot;}\" data-widget_type=\"video.default\">\n\t\t\t\t<div class=\"elementor-widget-container\">\n\t\t\t\t\t<div class=\"elementor-wrapper elementor-open-inline\">\n\t\t\t<div class=\"elementor-video\"><\/div>\t\t<\/div>\n\t\t\t\t<\/div>\n\t\t\t\t<\/div>\n\t\t\t\t<div class=\"elementor-element elementor-element-3a796cc elementor-widget elementor-widget-video\" data-id=\"3a796cc\" data-element_type=\"widget\" data-settings=\"{&quot;youtube_url&quot;:&quot;https:\\\/\\\/youtu.be\\\/CAT6ivErJ1Y?si=__IlTve0B4XT-Pou&quot;,&quot;video_type&quot;:&quot;youtube&quot;,&quot;controls&quot;:&quot;yes&quot;}\" data-widget_type=\"video.default\">\n\t\t\t\t<div class=\"elementor-widget-container\">\n\t\t\t\t\t<div class=\"elementor-wrapper elementor-open-inline\">\n\t\t\t<div class=\"elementor-video\"><\/div>\t\t<\/div>\n\t\t\t\t<\/div>\n\t\t\t\t<\/div>\n\t\t\t\t<div class=\"elementor-element elementor-element-50f2290 elementor-widget elementor-widget-video\" data-id=\"50f2290\" data-element_type=\"widget\" data-settings=\"{&quot;youtube_url&quot;:&quot;https:\\\/\\\/youtu.be\\\/EZk7p_SvED4?si=SupKBkg_6J6V3K8d&quot;,&quot;video_type&quot;:&quot;youtube&quot;,&quot;controls&quot;:&quot;yes&quot;}\" data-widget_type=\"video.default\">\n\t\t\t\t<div class=\"elementor-widget-container\">\n\t\t\t\t\t<div class=\"elementor-wrapper elementor-open-inline\">\n\t\t\t<div class=\"elementor-video\"><\/div>\t\t<\/div>\n\t\t\t\t<\/div>\n\t\t\t\t<\/div>\n\t\t\t\t<\/div>\n\t\t\t\t\t<\/div>\n\t\t\t\t<\/div>\n\t\t<div class=\"elementor-element elementor-element-2e2f386 e-flex e-con-boxed e-con e-parent\" data-id=\"2e2f386\" data-element_type=\"container\">\n\t\t\t\t\t<div class=\"e-con-inner\">\n\t\t\t\t<div class=\"elementor-element elementor-element-cba20a8 elementor-widget elementor-widget-video\" data-id=\"cba20a8\" data-element_type=\"widget\" data-settings=\"{&quot;youtube_url&quot;:&quot;https:\\\/\\\/youtu.be\\\/cRBnfoibd9g?si=DC4rkN6ARcsbo_UN&quot;,&quot;video_type&quot;:&quot;youtube&quot;,&quot;controls&quot;:&quot;yes&quot;}\" data-widget_type=\"video.default\">\n\t\t\t\t<div class=\"elementor-widget-container\">\n\t\t\t\t\t<div class=\"elementor-wrapper elementor-open-inline\">\n\t\t\t<div class=\"elementor-video\"><\/div>\t\t<\/div>\n\t\t\t\t<\/div>\n\t\t\t\t<\/div>\n\t\t\t\t\t<\/div>\n\t\t\t\t<\/div>\n\t\t<div class=\"elementor-element elementor-element-0168d01 e-flex e-con-boxed e-con e-parent\" data-id=\"0168d01\" data-element_type=\"container\">\n\t\t\t\t\t<div class=\"e-con-inner\">\n\t\t\t\t<div class=\"elementor-element elementor-element-3012cb2 elementor-widget elementor-widget-video\" data-id=\"3012cb2\" data-element_type=\"widget\" data-settings=\"{&quot;youtube_url&quot;:&quot;https:\\\/\\\/youtu.be\\\/gPbbryKAvSs?si=TlO0fXiPBAZ9nlOT&quot;,&quot;video_type&quot;:&quot;youtube&quot;,&quot;controls&quot;:&quot;yes&quot;}\" data-widget_type=\"video.default\">\n\t\t\t\t<div class=\"elementor-widget-container\">\n\t\t\t\t\t<div class=\"elementor-wrapper elementor-open-inline\">\n\t\t\t<div class=\"elementor-video\"><\/div>\t\t<\/div>\n\t\t\t\t<\/div>\n\t\t\t\t<\/div>\n\t\t\t\t\t<\/div>\n\t\t\t\t<\/div>\n\t\t<div class=\"elementor-element elementor-element-a9e79e8 e-grid e-con-boxed e-con e-parent\" data-id=\"a9e79e8\" data-element_type=\"container\">\n\t\t\t\t\t<div class=\"e-con-inner\">\n\t\t\t\t<div class=\"elementor-element elementor-element-d3d4952 elementor-widget elementor-widget-video\" data-id=\"d3d4952\" data-element_type=\"widget\" data-settings=\"{&quot;youtube_url&quot;:&quot;https:\\\/\\\/youtu.be\\\/sdHGzDwEZlo?si=sG64cEvu0kHGB8dV&quot;,&quot;video_type&quot;:&quot;youtube&quot;,&quot;controls&quot;:&quot;yes&quot;}\" data-widget_type=\"video.default\">\n\t\t\t\t<div class=\"elementor-widget-container\">\n\t\t\t\t\t<div class=\"elementor-wrapper elementor-open-inline\">\n\t\t\t<div class=\"elementor-video\"><\/div>\t\t<\/div>\n\t\t\t\t<\/div>\n\t\t\t\t<\/div>\n\t\t\t\t<div class=\"elementor-element elementor-element-657bb78 elementor-widget elementor-widget-video\" data-id=\"657bb78\" data-element_type=\"widget\" data-settings=\"{&quot;youtube_url&quot;:&quot;https:\\\/\\\/youtu.be\\\/eZDFiNmvQGs?si=UgzjKVuEw_ZsTJaH&quot;,&quot;video_type&quot;:&quot;youtube&quot;,&quot;controls&quot;:&quot;yes&quot;}\" data-widget_type=\"video.default\">\n\t\t\t\t<div class=\"elementor-widget-container\">\n\t\t\t\t\t<div class=\"elementor-wrapper elementor-open-inline\">\n\t\t\t<div class=\"elementor-video\"><\/div>\t\t<\/div>\n\t\t\t\t<\/div>\n\t\t\t\t<\/div>\n\t\t\t\t<div class=\"elementor-element elementor-element-dae5c5c elementor-widget elementor-widget-video\" data-id=\"dae5c5c\" data-element_type=\"widget\" data-settings=\"{&quot;youtube_url&quot;:&quot;https:\\\/\\\/youtu.be\\\/dkwLfFaMXec?si=6Kgk3nP7JWMy4Uj2&quot;,&quot;video_type&quot;:&quot;youtube&quot;,&quot;controls&quot;:&quot;yes&quot;}\" data-widget_type=\"video.default\">\n\t\t\t\t<div class=\"elementor-widget-container\">\n\t\t\t\t\t<div class=\"elementor-wrapper elementor-open-inline\">\n\t\t\t<div class=\"elementor-video\"><\/div>\t\t<\/div>\n\t\t\t\t<\/div>\n\t\t\t\t<\/div>\n\t\t\t\t\t<\/div>\n\t\t\t\t<\/div>\n\t\t<div class=\"elementor-element elementor-element-4e3be36 e-grid e-con-boxed e-con e-parent\" data-id=\"4e3be36\" data-element_type=\"container\">\n\t\t\t\t\t<div class=\"e-con-inner\">\n\t\t\t\t<div class=\"elementor-element elementor-element-94eebba elementor-widget elementor-widget-video\" data-id=\"94eebba\" data-element_type=\"widget\" data-settings=\"{&quot;youtube_url&quot;:&quot;https:\\\/\\\/youtu.be\\\/CbapToXW4hs?si=g6UH4fgzMlE_7C-g&quot;,&quot;video_type&quot;:&quot;youtube&quot;,&quot;controls&quot;:&quot;yes&quot;}\" data-widget_type=\"video.default\">\n\t\t\t\t<div class=\"elementor-widget-container\">\n\t\t\t\t\t<div class=\"elementor-wrapper elementor-open-inline\">\n\t\t\t<div class=\"elementor-video\"><\/div>\t\t<\/div>\n\t\t\t\t<\/div>\n\t\t\t\t<\/div>\n\t\t\t\t<div class=\"elementor-element elementor-element-d52e899 elementor-widget elementor-widget-video\" data-id=\"d52e899\" data-element_type=\"widget\" data-settings=\"{&quot;youtube_url&quot;:&quot;https:\\\/\\\/youtu.be\\\/HpBMZMMPOs4?si=971fLbQiS51LfEIr&quot;,&quot;video_type&quot;:&quot;youtube&quot;,&quot;controls&quot;:&quot;yes&quot;}\" data-widget_type=\"video.default\">\n\t\t\t\t<div class=\"elementor-widget-container\">\n\t\t\t\t\t<div class=\"elementor-wrapper elementor-open-inline\">\n\t\t\t<div class=\"elementor-video\"><\/div>\t\t<\/div>\n\t\t\t\t<\/div>\n\t\t\t\t<\/div>\n\t\t\t\t<div class=\"elementor-element elementor-element-d17a7ad elementor-widget elementor-widget-video\" data-id=\"d17a7ad\" data-element_type=\"widget\" data-settings=\"{&quot;youtube_url&quot;:&quot;https:\\\/\\\/youtu.be\\\/2yu6GgGq9Z4?si=kkox1tHWzD_Kj-LM&quot;,&quot;video_type&quot;:&quot;youtube&quot;,&quot;controls&quot;:&quot;yes&quot;}\" data-widget_type=\"video.default\">\n\t\t\t\t<div class=\"elementor-widget-container\">\n\t\t\t\t\t<div class=\"elementor-wrapper elementor-open-inline\">\n\t\t\t<div class=\"elementor-video\"><\/div>\t\t<\/div>\n\t\t\t\t<\/div>\n\t\t\t\t<\/div>\n\t\t\t\t\t<\/div>\n\t\t\t\t<\/div>\n\t\t<div class=\"elementor-element elementor-element-6c2b807 e-grid e-con-boxed e-con e-parent\" data-id=\"6c2b807\" data-element_type=\"container\">\n\t\t\t\t\t<div class=\"e-con-inner\">\n\t\t\t\t<div class=\"elementor-element elementor-element-abafbc8 elementor-widget elementor-widget-video\" data-id=\"abafbc8\" data-element_type=\"widget\" data-settings=\"{&quot;youtube_url&quot;:&quot;https:\\\/\\\/youtu.be\\\/30e08kndnio&quot;,&quot;video_type&quot;:&quot;youtube&quot;,&quot;controls&quot;:&quot;yes&quot;}\" data-widget_type=\"video.default\">\n\t\t\t\t<div class=\"elementor-widget-container\">\n\t\t\t\t\t<div class=\"elementor-wrapper elementor-open-inline\">\n\t\t\t<div class=\"elementor-video\"><\/div>\t\t<\/div>\n\t\t\t\t<\/div>\n\t\t\t\t<\/div>\n\t\t\t\t<div class=\"elementor-element elementor-element-01b35ac elementor-widget elementor-widget-video\" data-id=\"01b35ac\" data-element_type=\"widget\" data-settings=\"{&quot;youtube_url&quot;:&quot;https:\\\/\\\/youtu.be\\\/Y2eiEDVMYYU&quot;,&quot;video_type&quot;:&quot;youtube&quot;,&quot;controls&quot;:&quot;yes&quot;}\" data-widget_type=\"video.default\">\n\t\t\t\t<div class=\"elementor-widget-container\">\n\t\t\t\t\t<div class=\"elementor-wrapper elementor-open-inline\">\n\t\t\t<div class=\"elementor-video\"><\/div>\t\t<\/div>\n\t\t\t\t<\/div>\n\t\t\t\t<\/div>\n\t\t\t\t<div class=\"elementor-element elementor-element-7059acf elementor-widget elementor-widget-video\" data-id=\"7059acf\" data-element_type=\"widget\" data-settings=\"{&quot;youtube_url&quot;:&quot;https:\\\/\\\/youtu.be\\\/UbXIAwONGeI&quot;,&quot;video_type&quot;:&quot;youtube&quot;,&quot;controls&quot;:&quot;yes&quot;}\" data-widget_type=\"video.default\">\n\t\t\t\t<div class=\"elementor-widget-container\">\n\t\t\t\t\t<div class=\"elementor-wrapper elementor-open-inline\">\n\t\t\t<div class=\"elementor-video\"><\/div>\t\t<\/div>\n\t\t\t\t<\/div>\n\t\t\t\t<\/div>\n\t\t\t\t\t<\/div>\n\t\t\t\t<\/div>\n\t\t<div class=\"elementor-element elementor-element-92caefa e-grid e-con-boxed e-con e-parent\" data-id=\"92caefa\" data-element_type=\"container\">\n\t\t\t\t\t<div class=\"e-con-inner\">\n\t\t\t\t<div class=\"elementor-element elementor-element-f322f2c elementor-widget elementor-widget-video\" data-id=\"f322f2c\" data-element_type=\"widget\" data-settings=\"{&quot;youtube_url&quot;:&quot;https:\\\/\\\/youtu.be\\\/h6XNeNg90jk&quot;,&quot;video_type&quot;:&quot;youtube&quot;,&quot;controls&quot;:&quot;yes&quot;}\" data-widget_type=\"video.default\">\n\t\t\t\t<div class=\"elementor-widget-container\">\n\t\t\t\t\t<div class=\"elementor-wrapper elementor-open-inline\">\n\t\t\t<div class=\"elementor-video\"><\/div>\t\t<\/div>\n\t\t\t\t<\/div>\n\t\t\t\t<\/div>\n\t\t\t\t<div class=\"elementor-element elementor-element-0807dcf elementor-widget elementor-widget-video\" data-id=\"0807dcf\" data-element_type=\"widget\" data-settings=\"{&quot;youtube_url&quot;:&quot;https:\\\/\\\/youtu.be\\\/CRQqts9XlOU&quot;,&quot;video_type&quot;:&quot;youtube&quot;,&quot;controls&quot;:&quot;yes&quot;}\" data-widget_type=\"video.default\">\n\t\t\t\t<div class=\"elementor-widget-container\">\n\t\t\t\t\t<div class=\"elementor-wrapper elementor-open-inline\">\n\t\t\t<div class=\"elementor-video\"><\/div>\t\t<\/div>\n\t\t\t\t<\/div>\n\t\t\t\t<\/div>\n\t\t\t\t<div class=\"elementor-element elementor-element-90499d1 elementor-widget elementor-widget-video\" data-id=\"90499d1\" data-element_type=\"widget\" data-settings=\"{&quot;youtube_url&quot;:&quot;https:\\\/\\\/youtu.be\\\/44kCrLUaJLA&quot;,&quot;video_type&quot;:&quot;youtube&quot;,&quot;controls&quot;:&quot;yes&quot;}\" data-widget_type=\"video.default\">\n\t\t\t\t<div class=\"elementor-widget-container\">\n\t\t\t\t\t<div class=\"elementor-wrapper elementor-open-inline\">\n\t\t\t<div class=\"elementor-video\"><\/div>\t\t<\/div>\n\t\t\t\t<\/div>\n\t\t\t\t<\/div>\n\t\t\t\t\t<\/div>\n\t\t\t\t<\/div>\n\t\t\t\t<\/div>\n\t\t","protected":false},"excerpt":{"rendered":"<p>Pomys\u0142odawc\u0105 i w\u0142a\u015bcicielem marki STACJA REWITALIZACJA jest Marcin Obijalski &#8211; pierwszy dyrektor i tw\u00f3rca Biura ds. Rewitalizacji w Urz\u0119dzie Miasta \u0141odzi w latach 2013 &#8211; 2018. Autor koncepcji procesu rewitalizacji obszarowej \u0141odzi oraz aktywny uczestnik tworzenia systemu prawnego dla procesu rewitalizacji, w tym ustawy o rewitalizacji. Od 2002 roku zwi\u0105zany z dzia\u0142alno\u015bci\u0105 organizacji pozarz\u0105dowych oraz&#8230;<\/p>\n","protected":false},"author":1,"featured_media":0,"parent":0,"menu_order":0,"comment_status":"closed","ping_status":"open","template":"","meta":{"_kadence_starter_templates_imported_post":false,"_kad_post_transparent":"","_kad_post_title":"","_kad_post_layout":"","_kad_post_sidebar_id":"","_kad_post_content_style":"","_kad_post_vertical_padding":"","_kad_post_feature":"","_kad_post_feature_position":"","_kad_post_header":false,"_kad_post_footer":false,"footnotes":""},"class_list":["post-2","page","type-page","status-publish","hentry"],"_links":{"self":[{"href":"https:\/\/stacjarewitalizacja.pl\/index.php?rest_route=\/wp\/v2\/pages\/2","targetHints":{"allow":["GET"]}}],"collection":[{"href":"https:\/\/stacjarewitalizacja.pl\/index.php?rest_route=\/wp\/v2\/pages"}],"about":[{"href":"https:\/\/stacjarewitalizacja.pl\/index.php?rest_route=\/wp\/v2\/types\/page"}],"author":[{"embeddable":true,"href":"https:\/\/stacjarewitalizacja.pl\/index.php?rest_route=\/wp\/v2\/users\/1"}],"replies":[{"embeddable":true,"href":"https:\/\/stacjarewitalizacja.pl\/index.php?rest_route=%2Fwp%2Fv2%2Fcomments&post=2"}],"version-history":[{"count":87,"href":"https:\/\/stacjarewitalizacja.pl\/index.php?rest_route=\/wp\/v2\/pages\/2\/revisions"}],"predecessor-version":[{"id":537,"href":"https:\/\/stacjarewitalizacja.pl\/index.php?rest_route=\/wp\/v2\/pages\/2\/revisions\/537"}],"wp:attachment":[{"href":"https:\/\/stacjarewitalizacja.pl\/index.php?rest_route=%2Fwp%2Fv2%2Fmedia&parent=2"}],"curies":[{"name":"wp","href":"https:\/\/api.w.org\/{rel}","templated":true}]}}