{"id":288,"date":"2024-10-26T11:11:42","date_gmt":"2024-10-26T11:11:42","guid":{"rendered":"https:\/\/stacjarewitalizacja.pl\/?page_id=288"},"modified":"2024-10-26T13:09:23","modified_gmt":"2024-10-26T13:09:23","slug":"koncerty","status":"publish","type":"page","link":"https:\/\/stacjarewitalizacja.pl\/?page_id=288","title":{"rendered":"Koncerty"},"content":{"rendered":"\t\t<div data-elementor-type=\"wp-page\" data-elementor-id=\"288\" class=\"elementor elementor-288\">\n\t\t\t\t<div class=\"elementor-element elementor-element-3b97220f e-flex e-con-boxed e-con e-parent\" data-id=\"3b97220f\" data-element_type=\"container\">\n\t\t\t\t\t<div class=\"e-con-inner\">\n\t\t\t\t<div class=\"elementor-element elementor-element-5848450b elementor-widget elementor-widget-text-editor\" data-id=\"5848450b\" data-element_type=\"widget\" data-widget_type=\"text-editor.default\">\n\t\t\t\t<div class=\"elementor-widget-container\">\n\t\t\t\t\t\t\t<p><!-- wp:paragraph --><\/p>\n<p>W 2024 roku uda\u0142o si\u0119 we wsp\u00f3\u0142pracy z \u0141\u00f3dzkim Centrum Wydarze\u0144 zorganizowa\u0107 na ulicy W\u0142\u00f3kienniczej cykl koncert\u00f3w kameralnych z cyklu W\u0142\u00f3kiennicza Unplugged.<\/p>\n<p>Poni\u017cej znajdziecie kilka relacji jak to wygl\u0105da\u0142o \ud83d\ude09<\/p>\n<p><!-- \/wp:paragraph --><\/p>\n<p><!-- wp:image --><\/p>\n<figure class=\"wp-block-image\"><img alt=\"\" \/><\/figure>\n<p><!-- \/wp:image --><\/p>\t\t\t\t\t\t<\/div>\n\t\t\t\t<\/div>\n\t\t\t\t\t<\/div>\n\t\t\t\t<\/div>\n\t\t<div class=\"elementor-element elementor-element-b3fedfc e-grid e-con-boxed e-con e-parent\" data-id=\"b3fedfc\" data-element_type=\"container\">\n\t\t\t\t\t<div class=\"e-con-inner\">\n\t\t\t\t<div class=\"elementor-element elementor-element-d8c0fc5 elementor-widget elementor-widget-video\" data-id=\"d8c0fc5\" data-element_type=\"widget\" data-settings=\"{&quot;youtube_url&quot;:&quot;https:\\\/\\\/youtu.be\\\/nn_gDHj1IBU?si=ZplQFG82LphmaTdI&quot;,&quot;video_type&quot;:&quot;youtube&quot;,&quot;controls&quot;:&quot;yes&quot;}\" data-widget_type=\"video.default\">\n\t\t\t\t<div class=\"elementor-widget-container\">\n\t\t\t\t\t<div class=\"elementor-wrapper elementor-open-inline\">\n\t\t\t<div class=\"elementor-video\"><\/div>\t\t<\/div>\n\t\t\t\t<\/div>\n\t\t\t\t<\/div>\n\t\t\t\t<div class=\"elementor-element elementor-element-8ee77f8 elementor-widget elementor-widget-video\" data-id=\"8ee77f8\" data-element_type=\"widget\" data-settings=\"{&quot;youtube_url&quot;:&quot;https:\\\/\\\/youtu.be\\\/jLmStekZVGU?si=PTVL_CsBu6jp9Nyw&quot;,&quot;video_type&quot;:&quot;youtube&quot;,&quot;controls&quot;:&quot;yes&quot;}\" data-widget_type=\"video.default\">\n\t\t\t\t<div class=\"elementor-widget-container\">\n\t\t\t\t\t<div class=\"elementor-wrapper elementor-open-inline\">\n\t\t\t<div class=\"elementor-video\"><\/div>\t\t<\/div>\n\t\t\t\t<\/div>\n\t\t\t\t<\/div>\n\t\t\t\t<div class=\"elementor-element elementor-element-2c46d75 elementor-widget elementor-widget-video\" data-id=\"2c46d75\" data-element_type=\"widget\" data-settings=\"{&quot;youtube_url&quot;:&quot;https:\\\/\\\/youtu.be\\\/KIFwpGJi_Jk?si=23kP3DyqX3r_Dodw&quot;,&quot;video_type&quot;:&quot;youtube&quot;,&quot;controls&quot;:&quot;yes&quot;}\" data-widget_type=\"video.default\">\n\t\t\t\t<div class=\"elementor-widget-container\">\n\t\t\t\t\t<div class=\"elementor-wrapper elementor-open-inline\">\n\t\t\t<div class=\"elementor-video\"><\/div>\t\t<\/div>\n\t\t\t\t<\/div>\n\t\t\t\t<\/div>\n\t\t\t\t\t<\/div>\n\t\t\t\t<\/div>\n\t\t<div class=\"elementor-element elementor-element-6cb05c2 e-grid e-con-boxed e-con e-parent\" data-id=\"6cb05c2\" data-element_type=\"container\">\n\t\t\t\t\t<div class=\"e-con-inner\">\n\t\t\t\t<div class=\"elementor-element elementor-element-a158b19 elementor-widget elementor-widget-video\" data-id=\"a158b19\" data-element_type=\"widget\" data-settings=\"{&quot;youtube_url&quot;:&quot;https:\\\/\\\/youtu.be\\\/gZy6XG2MIsA?si=YLKkhZ1_0ENjE6Ed&quot;,&quot;video_type&quot;:&quot;youtube&quot;,&quot;controls&quot;:&quot;yes&quot;}\" data-widget_type=\"video.default\">\n\t\t\t\t<div class=\"elementor-widget-container\">\n\t\t\t\t\t<div class=\"elementor-wrapper elementor-open-inline\">\n\t\t\t<div class=\"elementor-video\"><\/div>\t\t<\/div>\n\t\t\t\t<\/div>\n\t\t\t\t<\/div>\n\t\t\t\t<div class=\"elementor-element elementor-element-a8e824a elementor-widget elementor-widget-video\" data-id=\"a8e824a\" data-element_type=\"widget\" data-settings=\"{&quot;youtube_url&quot;:&quot;https:\\\/\\\/youtu.be\\\/Cp2PeqrrBJE?si=UQoSfEV_TjFpXuli&quot;,&quot;video_type&quot;:&quot;youtube&quot;,&quot;controls&quot;:&quot;yes&quot;}\" data-widget_type=\"video.default\">\n\t\t\t\t<div class=\"elementor-widget-container\">\n\t\t\t\t\t<div class=\"elementor-wrapper elementor-open-inline\">\n\t\t\t<div class=\"elementor-video\"><\/div>\t\t<\/div>\n\t\t\t\t<\/div>\n\t\t\t\t<\/div>\n\t\t\t\t<div class=\"elementor-element elementor-element-ae060e3 elementor-widget elementor-widget-video\" data-id=\"ae060e3\" data-element_type=\"widget\" data-settings=\"{&quot;youtube_url&quot;:&quot;https:\\\/\\\/youtu.be\\\/pkiSND9fKCQ?si=FIFoJJSkXHMvoqV3&quot;,&quot;video_type&quot;:&quot;youtube&quot;,&quot;controls&quot;:&quot;yes&quot;}\" data-widget_type=\"video.default\">\n\t\t\t\t<div class=\"elementor-widget-container\">\n\t\t\t\t\t<div class=\"elementor-wrapper elementor-open-inline\">\n\t\t\t<div class=\"elementor-video\"><\/div>\t\t<\/div>\n\t\t\t\t<\/div>\n\t\t\t\t<\/div>\n\t\t\t\t\t<\/div>\n\t\t\t\t<\/div>\n\t\t<div class=\"elementor-element elementor-element-63718f5 e-grid e-con-boxed e-con e-parent\" data-id=\"63718f5\" data-element_type=\"container\">\n\t\t\t\t\t<div class=\"e-con-inner\">\n\t\t\t\t<div class=\"elementor-element elementor-element-bbe54e7 elementor-widget elementor-widget-video\" data-id=\"bbe54e7\" data-element_type=\"widget\" data-settings=\"{&quot;youtube_url&quot;:&quot;https:\\\/\\\/youtu.be\\\/8nSKjFvEEUQ?si=MH-3__VJELoUtob5&quot;,&quot;video_type&quot;:&quot;youtube&quot;,&quot;controls&quot;:&quot;yes&quot;}\" data-widget_type=\"video.default\">\n\t\t\t\t<div class=\"elementor-widget-container\">\n\t\t\t\t\t<div class=\"elementor-wrapper elementor-open-inline\">\n\t\t\t<div class=\"elementor-video\"><\/div>\t\t<\/div>\n\t\t\t\t<\/div>\n\t\t\t\t<\/div>\n\t\t\t\t\t<\/div>\n\t\t\t\t<\/div>\n\t\t\t\t<\/div>\n\t\t","protected":false},"excerpt":{"rendered":"<p>W 2024 roku uda\u0142o si\u0119 we wsp\u00f3\u0142pracy z \u0141\u00f3dzkim Centrum Wydarze\u0144 zorganizowa\u0107 na ulicy W\u0142\u00f3kienniczej cykl koncert\u00f3w kameralnych z cyklu W\u0142\u00f3kiennicza Unplugged. Poni\u017cej znajdziecie kilka relacji jak to wygl\u0105da\u0142o \ud83d\ude09 https:\/\/youtu.be\/nn_gDHj1IBU?si=ZplQFG82LphmaTdIhttps:\/\/youtu.be\/jLmStekZVGU?si=PTVL_CsBu6jp9Nywhttps:\/\/youtu.be\/KIFwpGJi_Jk?si=23kP3DyqX3r_Dodwhttps:\/\/youtu.be\/gZy6XG2MIsA?si=YLKkhZ1_0ENjE6Edhttps:\/\/youtu.be\/Cp2PeqrrBJE?si=UQoSfEV_TjFpXulihttps:\/\/youtu.be\/pkiSND9fKCQ?si=FIFoJJSkXHMvoqV3https:\/\/youtu.be\/8nSKjFvEEUQ?si=MH-3__VJELoUtob5<\/p>\n","protected":false},"author":1,"featured_media":0,"parent":0,"menu_order":0,"comment_status":"closed","ping_status":"closed","template":"","meta":{"_kadence_starter_templates_imported_post":false,"_kad_post_transparent":"","_kad_post_title":"","_kad_post_layout":"","_kad_post_sidebar_id":"","_kad_post_content_style":"","_kad_post_vertical_padding":"","_kad_post_feature":"","_kad_post_feature_position":"","_kad_post_header":false,"_kad_post_footer":false,"footnotes":""},"class_list":["post-288","page","type-page","status-publish","hentry"],"_links":{"self":[{"href":"https:\/\/stacjarewitalizacja.pl\/index.php?rest_route=\/wp\/v2\/pages\/288","targetHints":{"allow":["GET"]}}],"collection":[{"href":"https:\/\/stacjarewitalizacja.pl\/index.php?rest_route=\/wp\/v2\/pages"}],"about":[{"href":"https:\/\/stacjarewitalizacja.pl\/index.php?rest_route=\/wp\/v2\/types\/page"}],"author":[{"embeddable":true,"href":"https:\/\/stacjarewitalizacja.pl\/index.php?rest_route=\/wp\/v2\/users\/1"}],"replies":[{"embeddable":true,"href":"https:\/\/stacjarewitalizacja.pl\/index.php?rest_route=%2Fwp%2Fv2%2Fcomments&post=288"}],"version-history":[{"count":21,"href":"https:\/\/stacjarewitalizacja.pl\/index.php?rest_route=\/wp\/v2\/pages\/288\/revisions"}],"predecessor-version":[{"id":311,"href":"https:\/\/stacjarewitalizacja.pl\/index.php?rest_route=\/wp\/v2\/pages\/288\/revisions\/311"}],"wp:attachment":[{"href":"https:\/\/stacjarewitalizacja.pl\/index.php?rest_route=%2Fwp%2Fv2%2Fmedia&parent=288"}],"curies":[{"name":"wp","href":"https:\/\/api.w.org\/{rel}","templated":true}]}}