{"id":333,"date":"2024-10-27T11:01:42","date_gmt":"2024-10-27T11:01:42","guid":{"rendered":"https:\/\/stacjarewitalizacja.pl\/?page_id=333"},"modified":"2024-10-27T12:42:09","modified_gmt":"2024-10-27T12:42:09","slug":"obrazy","status":"publish","type":"page","link":"https:\/\/stacjarewitalizacja.pl\/?page_id=333","title":{"rendered":"OBRAZY"},"content":{"rendered":"\t\t<div data-elementor-type=\"wp-page\" data-elementor-id=\"333\" class=\"elementor elementor-333\">\n\t\t\t\t<div class=\"elementor-element elementor-element-b0dbbdc e-flex e-con-boxed e-con e-parent\" data-id=\"b0dbbdc\" data-element_type=\"container\">\n\t\t\t\t\t<div class=\"e-con-inner\">\n\t\t\t\t<div class=\"elementor-element elementor-element-f836a02 elementor-widget elementor-widget-heading\" data-id=\"f836a02\" data-element_type=\"widget\" data-widget_type=\"heading.default\">\n\t\t\t\t<div class=\"elementor-widget-container\">\n\t\t\t<h2 class=\"elementor-heading-title elementor-size-default\">Obrazy autorstwa ukrai\u0144skiej artystki Natalii Shemiakiny przedstawiaj\u0105ce kamienic\u0119 Hilarego Majewskiego przy W\u0142\u00f3kienniczej 11, Pasa\u017c R\u00f3\u017cy przy Piotrkowskiej 3 oraz \"Kochank\u00f3w z ulicy Kamiennej\".<\/h2>\t\t<\/div>\n\t\t\t\t<\/div>\n\t\t\t\t\t<\/div>\n\t\t\t\t<\/div>\n\t\t<div class=\"elementor-element elementor-element-f7c115c e-grid e-con-boxed e-con e-parent\" data-id=\"f7c115c\" data-element_type=\"container\">\n\t\t\t\t\t<div class=\"e-con-inner\">\n\t\t\t\t<div class=\"elementor-element elementor-element-f9287f1 elementor-widget elementor-widget-image\" data-id=\"f9287f1\" data-element_type=\"widget\" data-widget_type=\"image.default\">\n\t\t\t\t<div class=\"elementor-widget-container\">\n\t\t\t\t\t\t\t\t\t\t\t\t\t<img fetchpriority=\"high\" decoding=\"async\" width=\"225\" height=\"300\" src=\"https:\/\/stacjarewitalizacja.pl\/wp-content\/uploads\/2024\/10\/IMG20241027120510-225x300.jpg\" class=\"attachment-medium size-medium wp-image-340\" alt=\"\" srcset=\"https:\/\/stacjarewitalizacja.pl\/wp-content\/uploads\/2024\/10\/IMG20241027120510-225x300.jpg 225w, https:\/\/stacjarewitalizacja.pl\/wp-content\/uploads\/2024\/10\/IMG20241027120510-768x1024.jpg 768w, https:\/\/stacjarewitalizacja.pl\/wp-content\/uploads\/2024\/10\/IMG20241027120510-1152x1536.jpg 1152w, https:\/\/stacjarewitalizacja.pl\/wp-content\/uploads\/2024\/10\/IMG20241027120510-1536x2048.jpg 1536w, https:\/\/stacjarewitalizacja.pl\/wp-content\/uploads\/2024\/10\/IMG20241027120510.jpg 1701w\" sizes=\"(max-width: 225px) 100vw, 225px\" \/>\t\t\t\t\t\t\t\t\t\t\t\t\t<\/div>\n\t\t\t\t<\/div>\n\t\t\t\t<div class=\"elementor-element elementor-element-f57c550 elementor-widget elementor-widget-image\" data-id=\"f57c550\" data-element_type=\"widget\" data-widget_type=\"image.default\">\n\t\t\t\t<div class=\"elementor-widget-container\">\n\t\t\t\t\t\t\t\t\t\t\t\t\t<img decoding=\"async\" width=\"225\" height=\"300\" src=\"https:\/\/stacjarewitalizacja.pl\/wp-content\/uploads\/2024\/10\/IMG20241027120516-225x300.jpg\" class=\"attachment-medium size-medium wp-image-341\" alt=\"\" srcset=\"https:\/\/stacjarewitalizacja.pl\/wp-content\/uploads\/2024\/10\/IMG20241027120516-225x300.jpg 225w, https:\/\/stacjarewitalizacja.pl\/wp-content\/uploads\/2024\/10\/IMG20241027120516-768x1024.jpg 768w, https:\/\/stacjarewitalizacja.pl\/wp-content\/uploads\/2024\/10\/IMG20241027120516-1152x1536.jpg 1152w, https:\/\/stacjarewitalizacja.pl\/wp-content\/uploads\/2024\/10\/IMG20241027120516-1536x2048.jpg 1536w, https:\/\/stacjarewitalizacja.pl\/wp-content\/uploads\/2024\/10\/IMG20241027120516.jpg 1701w\" sizes=\"(max-width: 225px) 100vw, 225px\" \/>\t\t\t\t\t\t\t\t\t\t\t\t\t<\/div>\n\t\t\t\t<\/div>\n\t\t\t\t<div class=\"elementor-element elementor-element-6c1d611 elementor-widget elementor-widget-image\" data-id=\"6c1d611\" data-element_type=\"widget\" data-widget_type=\"image.default\">\n\t\t\t\t<div class=\"elementor-widget-container\">\n\t\t\t\t\t\t\t\t\t\t\t\t\t<img decoding=\"async\" width=\"225\" height=\"300\" src=\"https:\/\/stacjarewitalizacja.pl\/wp-content\/uploads\/2024\/10\/IMG20241027120525-225x300.jpg\" class=\"attachment-medium size-medium wp-image-342\" alt=\"\" srcset=\"https:\/\/stacjarewitalizacja.pl\/wp-content\/uploads\/2024\/10\/IMG20241027120525-225x300.jpg 225w, https:\/\/stacjarewitalizacja.pl\/wp-content\/uploads\/2024\/10\/IMG20241027120525-768x1024.jpg 768w, https:\/\/stacjarewitalizacja.pl\/wp-content\/uploads\/2024\/10\/IMG20241027120525-1152x1536.jpg 1152w, https:\/\/stacjarewitalizacja.pl\/wp-content\/uploads\/2024\/10\/IMG20241027120525-1536x2048.jpg 1536w, https:\/\/stacjarewitalizacja.pl\/wp-content\/uploads\/2024\/10\/IMG20241027120525.jpg 1843w\" sizes=\"(max-width: 225px) 100vw, 225px\" \/>\t\t\t\t\t\t\t\t\t\t\t\t\t<\/div>\n\t\t\t\t<\/div>\n\t\t\t\t\t<\/div>\n\t\t\t\t<\/div>\n\t\t<div class=\"elementor-element elementor-element-89c5e76 e-flex e-con-boxed e-con e-parent\" data-id=\"89c5e76\" data-element_type=\"container\">\n\t\t\t\t\t<div class=\"e-con-inner\">\n\t\t\t\t<div class=\"elementor-element elementor-element-3bc175f elementor-widget elementor-widget-image\" data-id=\"3bc175f\" data-element_type=\"widget\" data-widget_type=\"image.default\">\n\t\t\t\t<div class=\"elementor-widget-container\">\n\t\t\t\t\t\t\t\t\t\t\t\t\t<img loading=\"lazy\" decoding=\"async\" width=\"768\" height=\"1024\" src=\"https:\/\/stacjarewitalizacja.pl\/wp-content\/uploads\/2024\/10\/IMG20241027120535-768x1024.jpg\" class=\"attachment-large size-large wp-image-343\" alt=\"\" srcset=\"https:\/\/stacjarewitalizacja.pl\/wp-content\/uploads\/2024\/10\/IMG20241027120535-768x1024.jpg 768w, https:\/\/stacjarewitalizacja.pl\/wp-content\/uploads\/2024\/10\/IMG20241027120535-225x300.jpg 225w, https:\/\/stacjarewitalizacja.pl\/wp-content\/uploads\/2024\/10\/IMG20241027120535-1152x1536.jpg 1152w, https:\/\/stacjarewitalizacja.pl\/wp-content\/uploads\/2024\/10\/IMG20241027120535-1536x2048.jpg 1536w, https:\/\/stacjarewitalizacja.pl\/wp-content\/uploads\/2024\/10\/IMG20241027120535-scaled.jpg 1920w\" sizes=\"(max-width: 768px) 100vw, 768px\" \/>\t\t\t\t\t\t\t\t\t\t\t\t\t<\/div>\n\t\t\t\t<\/div>\n\t\t\t\t\t<\/div>\n\t\t\t\t<\/div>\n\t\t<div class=\"elementor-element elementor-element-812f8dc e-flex e-con-boxed e-con e-parent\" data-id=\"812f8dc\" data-element_type=\"container\">\n\t\t\t\t\t<div class=\"e-con-inner\">\n\t\t\t\t<div class=\"elementor-element elementor-element-bd18ec2 elementor-widget elementor-widget-heading\" data-id=\"bd18ec2\" data-element_type=\"widget\" data-widget_type=\"heading.default\">\n\t\t\t\t<div class=\"elementor-widget-container\">\n\t\t\t<h2 class=\"elementor-heading-title elementor-size-default\">Istnieje r\u00f3wnie\u017c mo\u017cliwo\u015b\u0107 zakupienia reprodukcji kamienicy Hilarego Majewskiego w ramce w cenie 50 z\u0142.<\/h2>\t\t<\/div>\n\t\t\t\t<\/div>\n\t\t\t\t\t<\/div>\n\t\t\t\t<\/div>\n\t\t<div class=\"elementor-element elementor-element-1c27c1e e-flex e-con-boxed e-con e-parent\" data-id=\"1c27c1e\" data-element_type=\"container\">\n\t\t\t\t\t<div class=\"e-con-inner\">\n\t\t\t\t<div class=\"elementor-element elementor-element-8023d96 elementor-widget elementor-widget-image\" data-id=\"8023d96\" data-element_type=\"widget\" data-widget_type=\"image.default\">\n\t\t\t\t<div class=\"elementor-widget-container\">\n\t\t\t\t\t\t\t\t\t\t\t\t\t<img loading=\"lazy\" decoding=\"async\" width=\"768\" height=\"1024\" src=\"https:\/\/stacjarewitalizacja.pl\/wp-content\/uploads\/2024\/10\/IMG20241027133853-768x1024.jpg\" class=\"attachment-medium_large size-medium_large wp-image-351\" alt=\"\" srcset=\"https:\/\/stacjarewitalizacja.pl\/wp-content\/uploads\/2024\/10\/IMG20241027133853-768x1024.jpg 768w, https:\/\/stacjarewitalizacja.pl\/wp-content\/uploads\/2024\/10\/IMG20241027133853-225x300.jpg 225w, https:\/\/stacjarewitalizacja.pl\/wp-content\/uploads\/2024\/10\/IMG20241027133853-1152x1536.jpg 1152w, https:\/\/stacjarewitalizacja.pl\/wp-content\/uploads\/2024\/10\/IMG20241027133853-1536x2048.jpg 1536w, https:\/\/stacjarewitalizacja.pl\/wp-content\/uploads\/2024\/10\/IMG20241027133853-scaled.jpg 1920w\" sizes=\"(max-width: 768px) 100vw, 768px\" \/>\t\t\t\t\t\t\t\t\t\t\t\t\t<\/div>\n\t\t\t\t<\/div>\n\t\t\t\t\t<\/div>\n\t\t\t\t<\/div>\n\t\t\t\t<\/div>\n\t\t","protected":false},"excerpt":{"rendered":"<p>Obrazy autorstwa ukrai\u0144skiej artystki Natalii Shemiakiny przedstawiaj\u0105ce kamienic\u0119 Hilarego Majewskiego przy W\u0142\u00f3kienniczej 11, Pasa\u017c R\u00f3\u017cy przy Piotrkowskiej 3 oraz &#8222;Kochank\u00f3w z ulicy Kamiennej&#8221;. Istnieje r\u00f3wnie\u017c mo\u017cliwo\u015b\u0107 zakupienia reprodukcji kamienicy Hilarego Majewskiego w ramce w cenie 50 z\u0142.<\/p>\n","protected":false},"author":1,"featured_media":0,"parent":0,"menu_order":0,"comment_status":"closed","ping_status":"closed","template":"","meta":{"_kadence_starter_templates_imported_post":false,"_kad_post_transparent":"","_kad_post_title":"hide","_kad_post_layout":"fullwidth","_kad_post_sidebar_id":"","_kad_post_content_style":"unboxed","_kad_post_vertical_padding":"hide","_kad_post_feature":"hide","_kad_post_feature_position":"","_kad_post_header":false,"_kad_post_footer":false,"footnotes":""},"class_list":["post-333","page","type-page","status-publish","hentry"],"_links":{"self":[{"href":"https:\/\/stacjarewitalizacja.pl\/index.php?rest_route=\/wp\/v2\/pages\/333","targetHints":{"allow":["GET"]}}],"collection":[{"href":"https:\/\/stacjarewitalizacja.pl\/index.php?rest_route=\/wp\/v2\/pages"}],"about":[{"href":"https:\/\/stacjarewitalizacja.pl\/index.php?rest_route=\/wp\/v2\/types\/page"}],"author":[{"embeddable":true,"href":"https:\/\/stacjarewitalizacja.pl\/index.php?rest_route=\/wp\/v2\/users\/1"}],"replies":[{"embeddable":true,"href":"https:\/\/stacjarewitalizacja.pl\/index.php?rest_route=%2Fwp%2Fv2%2Fcomments&post=333"}],"version-history":[{"count":13,"href":"https:\/\/stacjarewitalizacja.pl\/index.php?rest_route=\/wp\/v2\/pages\/333\/revisions"}],"predecessor-version":[{"id":354,"href":"https:\/\/stacjarewitalizacja.pl\/index.php?rest_route=\/wp\/v2\/pages\/333\/revisions\/354"}],"wp:attachment":[{"href":"https:\/\/stacjarewitalizacja.pl\/index.php?rest_route=%2Fwp%2Fv2%2Fmedia&parent=333"}],"curies":[{"name":"wp","href":"https:\/\/api.w.org\/{rel}","templated":true}]}}